{"id":716,"date":"2023-03-25T13:09:05","date_gmt":"2023-03-25T18:09:05","guid":{"rendered":"https:\/\/ollantaandinotours.com\/?post_type=product&#038;p=716"},"modified":"2026-01-14T11:10:48","modified_gmt":"2026-01-14T16:10:48","slug":"cuatrimoto-en-la-montana-7-colores","status":"publish","type":"product","link":"https:\/\/ollantaandinotours.com\/en\/product\/cuatrimoto-en-la-montana-7-colores\/","title":{"rendered":"Cuatrimoto en la monta\u00f1a 7 colores"},"content":{"rendered":"<p>Experimenta la emoci\u00f3n de recorrer la Monta\u00f1a de los 7 Colores en cuatrimoto en un tour de aventura de un d\u00eda. Descubre la belleza natural y los paisajes impresionantes mientras te adentras en esta colorida maravilla.<\/p>","protected":false},"excerpt":{"rendered":"<p>Experimenta la emoci\u00f3n de recorrer la Monta\u00f1a de los 7 Colores en cuatrimoto en un tour de aventura de un d\u00eda. Descubre la belleza natural y los paisajes impresionantes mientras te adentras en esta colorida maravilla.<\/p>","protected":false},"featured_media":1471,"template":"","meta":{"site-sidebar-layout":"default","site-content-layout":"default","ast-site-content-layout":"default","site-content-style":"default","site-sidebar-style":"default","ast-global-header-display":"","ast-banner-title-visibility":"","ast-main-header-display":"","ast-hfb-above-header-display":"","ast-hfb-below-header-display":"","ast-hfb-mobile-header-display":"","site-post-title":"","ast-breadcrumbs-content":"","ast-featured-img":"","footer-sml-layout":"","theme-transparent-header-meta":"default","adv-header-id-meta":"","stick-header-meta":"","header-above-stick-meta":"","header-main-stick-meta":"","header-below-stick-meta":"","astra-migrate-meta-layouts":"set","ast-page-background-enabled":"default","ast-page-background-meta":{"desktop":{"background-color":"var(--ast-global-color-4)","background-image":"","background-repeat":"repeat","background-position":"center center","background-size":"auto","background-attachment":"scroll","background-type":"","background-media":"","overlay-type":"","overlay-color":"","overlay-gradient":""},"tablet":{"background-color":"","background-image":"","background-repeat":"repeat","background-position":"center center","background-size":"auto","background-attachment":"scroll","background-type":"","background-media":"","overlay-type":"","overlay-color":"","overlay-gradient":""},"mobile":{"background-color":"","background-image":"","background-repeat":"repeat","background-position":"center center","background-size":"auto","background-attachment":"scroll","background-type":"","background-media":"","overlay-type":"","overlay-color":"","overlay-gradient":""}},"ast-content-background-meta":{"desktop":{"background-color":"var(--ast-global-color-5)","background-image":"","background-repeat":"repeat","background-position":"center center","background-size":"auto","background-attachment":"scroll","background-type":"","background-media":"","overlay-type":"","overlay-color":"","overlay-gradient":""},"tablet":{"background-color":"var(--ast-global-color-5)","background-image":"","background-repeat":"repeat","background-position":"center center","background-size":"auto","background-attachment":"scroll","background-type":"","background-media":"","overlay-type":"","overlay-color":"","overlay-gradient":""},"mobile":{"background-color":"var(--ast-global-color-5)","background-image":"","background-repeat":"repeat","background-position":"center center","background-size":"auto","background-attachment":"scroll","background-type":"","background-media":"","overlay-type":"","overlay-color":"","overlay-gradient":""}}},"product_brand":[],"product_cat":[21,29],"product_tag":[],"class_list":{"0":"post-716","1":"product","2":"type-product","3":"status-publish","4":"has-post-thumbnail","6":"product_cat-cusco","7":"product_cat-aventura","8":"desktop-align-left","9":"tablet-align-left","10":"mobile-align-left","12":"first","13":"instock","14":"shipping-taxable","15":"purchasable","16":"product-type-simple"},"yoast_head":"<!-- This site is optimized with the Yoast SEO plugin v24.5 - https:\/\/yoast.com\/wordpress\/plugins\/seo\/ -->\n<title>Cuatrimoto en la monta\u00f1a 7 colores - Ollanta Andino Tours<\/title>\n<meta name=\"robots\" content=\"index, follow, max-snippet:-1, max-image-preview:large, max-video-preview:-1\" \/>\n<link rel=\"canonical\" href=\"https:\/\/ollantaandinotours.com\/en\/product\/cuatrimoto-en-la-montana-7-colores\/\" \/>\n<meta property=\"og:locale\" content=\"en_US\" \/>\n<meta property=\"og:type\" content=\"article\" \/>\n<meta property=\"og:title\" content=\"Cuatrimoto en la monta\u00f1a 7 colores - Ollanta Andino Tours\" \/>\n<meta property=\"og:description\" content=\"Experimenta la emoci\u00f3n de recorrer la Monta\u00f1a de los 7 Colores en cuatrimoto en un tour de aventura de un d\u00eda. Descubre la belleza natural y los paisajes impresionantes mientras te adentras en esta colorida maravilla.\" \/>\n<meta property=\"og:url\" content=\"https:\/\/ollantaandinotours.com\/en\/product\/cuatrimoto-en-la-montana-7-colores\/\" \/>\n<meta property=\"og:site_name\" content=\"Ollanta Andino Tours\" \/>\n<meta property=\"article:modified_time\" content=\"2026-01-14T16:10:48+00:00\" \/>\n<meta property=\"og:image\" content=\"https:\/\/ollantaandinotours.com\/wp-content\/uploads\/2023\/03\/cuatrimoto-en-la-montana-7-colores_01.webp\" \/>\n\t<meta property=\"og:image:width\" content=\"563\" \/>\n\t<meta property=\"og:image:height\" content=\"676\" \/>\n\t<meta property=\"og:image:type\" content=\"image\/webp\" \/>\n<meta name=\"twitter:card\" content=\"summary_large_image\" \/>\n<meta name=\"twitter:label1\" content=\"Est. reading time\" \/>\n\t<meta name=\"twitter:data1\" content=\"1 minute\" \/>\n<script type=\"application\/ld+json\" class=\"yoast-schema-graph\">{\"@context\":\"https:\/\/schema.org\",\"@graph\":[{\"@type\":\"WebPage\",\"@id\":\"https:\/\/ollantaandinotours.com\/producto\/cuatrimoto-en-la-montana-7-colores\/\",\"url\":\"https:\/\/ollantaandinotours.com\/producto\/cuatrimoto-en-la-montana-7-colores\/\",\"name\":\"Cuatrimoto en la monta\u00f1a 7 colores - Ollanta Andino Tours\",\"isPartOf\":{\"@id\":\"https:\/\/ollantaandinotours.com\/#website\"},\"primaryImageOfPage\":{\"@id\":\"https:\/\/ollantaandinotours.com\/producto\/cuatrimoto-en-la-montana-7-colores\/#primaryimage\"},\"image\":{\"@id\":\"https:\/\/ollantaandinotours.com\/producto\/cuatrimoto-en-la-montana-7-colores\/#primaryimage\"},\"thumbnailUrl\":\"https:\/\/ollantaandinotours.com\/wp-content\/uploads\/2023\/03\/cuatrimoto-en-la-montana-7-colores_01.webp\",\"datePublished\":\"2023-03-25T18:09:05+00:00\",\"dateModified\":\"2026-01-14T16:10:48+00:00\",\"breadcrumb\":{\"@id\":\"https:\/\/ollantaandinotours.com\/producto\/cuatrimoto-en-la-montana-7-colores\/#breadcrumb\"},\"inLanguage\":\"en-US\",\"potentialAction\":[{\"@type\":\"ReadAction\",\"target\":[\"https:\/\/ollantaandinotours.com\/producto\/cuatrimoto-en-la-montana-7-colores\/\"]}]},{\"@type\":\"ImageObject\",\"inLanguage\":\"en-US\",\"@id\":\"https:\/\/ollantaandinotours.com\/producto\/cuatrimoto-en-la-montana-7-colores\/#primaryimage\",\"url\":\"https:\/\/ollantaandinotours.com\/wp-content\/uploads\/2023\/03\/cuatrimoto-en-la-montana-7-colores_01.webp\",\"contentUrl\":\"https:\/\/ollantaandinotours.com\/wp-content\/uploads\/2023\/03\/cuatrimoto-en-la-montana-7-colores_01.webp\",\"width\":563,\"height\":676,\"caption\":\"Cuatrimoto en la monta\u00f1a 7 colores\"},{\"@type\":\"BreadcrumbList\",\"@id\":\"https:\/\/ollantaandinotours.com\/producto\/cuatrimoto-en-la-montana-7-colores\/#breadcrumb\",\"itemListElement\":[{\"@type\":\"ListItem\",\"position\":1,\"name\":\"Portada\",\"item\":\"https:\/\/ollantaandinotours.com\/es\/\"},{\"@type\":\"ListItem\",\"position\":2,\"name\":\"Todos los tours\",\"item\":\"https:\/\/ollantaandinotours.com\/todos-los-tours\/\"},{\"@type\":\"ListItem\",\"position\":3,\"name\":\"Cuatrimoto en la monta\u00f1a 7 colores\"}]},{\"@type\":\"WebSite\",\"@id\":\"https:\/\/ollantaandinotours.com\/#website\",\"url\":\"https:\/\/ollantaandinotours.com\/\",\"name\":\"Ollanta Andino Tours\",\"description\":\"Agencia de viajes en ollantaytambo\",\"publisher\":{\"@id\":\"https:\/\/ollantaandinotours.com\/#organization\"},\"potentialAction\":[{\"@type\":\"SearchAction\",\"target\":{\"@type\":\"EntryPoint\",\"urlTemplate\":\"https:\/\/ollantaandinotours.com\/?s={search_term_string}\"},\"query-input\":{\"@type\":\"PropertyValueSpecification\",\"valueRequired\":true,\"valueName\":\"search_term_string\"}}],\"inLanguage\":\"en-US\"},{\"@type\":\"Organization\",\"@id\":\"https:\/\/ollantaandinotours.com\/#organization\",\"name\":\"Ollanta Andino Tours\",\"url\":\"https:\/\/ollantaandinotours.com\/\",\"logo\":{\"@type\":\"ImageObject\",\"inLanguage\":\"en-US\",\"@id\":\"https:\/\/ollantaandinotours.com\/#\/schema\/logo\/image\/\",\"url\":\"https:\/\/ollantaandinotours.com\/wp-content\/uploads\/2022\/06\/logo-ollanta-andino-4.png\",\"contentUrl\":\"https:\/\/ollantaandinotours.com\/wp-content\/uploads\/2022\/06\/logo-ollanta-andino-4.png\",\"width\":2427,\"height\":2075,\"caption\":\"Ollanta Andino Tours\"},\"image\":{\"@id\":\"https:\/\/ollantaandinotours.com\/#\/schema\/logo\/image\/\"}}]}<\/script>\n<!-- \/ Yoast SEO plugin. -->","yoast_head_json":{"title":"Cuatrimoto en la monta\u00f1a 7 colores - Ollanta Andino Tours","robots":{"index":"index","follow":"follow","max-snippet":"max-snippet:-1","max-image-preview":"max-image-preview:large","max-video-preview":"max-video-preview:-1"},"canonical":"https:\/\/ollantaandinotours.com\/en\/product\/cuatrimoto-en-la-montana-7-colores\/","og_locale":"en_US","og_type":"article","og_title":"Cuatrimoto en la monta\u00f1a 7 colores - Ollanta Andino Tours","og_description":"Experimenta la emoci\u00f3n de recorrer la Monta\u00f1a de los 7 Colores en cuatrimoto en un tour de aventura de un d\u00eda. Descubre la belleza natural y los paisajes impresionantes mientras te adentras en esta colorida maravilla.","og_url":"https:\/\/ollantaandinotours.com\/en\/product\/cuatrimoto-en-la-montana-7-colores\/","og_site_name":"Ollanta Andino Tours","article_modified_time":"2026-01-14T16:10:48+00:00","og_image":[{"width":563,"height":676,"url":"https:\/\/ollantaandinotours.com\/wp-content\/uploads\/2023\/03\/cuatrimoto-en-la-montana-7-colores_01.webp","type":"image\/webp"}],"twitter_card":"summary_large_image","twitter_misc":{"Est. reading time":"1 minute"},"schema":{"@context":"https:\/\/schema.org","@graph":[{"@type":"WebPage","@id":"https:\/\/ollantaandinotours.com\/producto\/cuatrimoto-en-la-montana-7-colores\/","url":"https:\/\/ollantaandinotours.com\/producto\/cuatrimoto-en-la-montana-7-colores\/","name":"Cuatrimoto en la monta\u00f1a 7 colores - Ollanta Andino Tours","isPartOf":{"@id":"https:\/\/ollantaandinotours.com\/#website"},"primaryImageOfPage":{"@id":"https:\/\/ollantaandinotours.com\/producto\/cuatrimoto-en-la-montana-7-colores\/#primaryimage"},"image":{"@id":"https:\/\/ollantaandinotours.com\/producto\/cuatrimoto-en-la-montana-7-colores\/#primaryimage"},"thumbnailUrl":"https:\/\/ollantaandinotours.com\/wp-content\/uploads\/2023\/03\/cuatrimoto-en-la-montana-7-colores_01.webp","datePublished":"2023-03-25T18:09:05+00:00","dateModified":"2026-01-14T16:10:48+00:00","breadcrumb":{"@id":"https:\/\/ollantaandinotours.com\/producto\/cuatrimoto-en-la-montana-7-colores\/#breadcrumb"},"inLanguage":"en-US","potentialAction":[{"@type":"ReadAction","target":["https:\/\/ollantaandinotours.com\/producto\/cuatrimoto-en-la-montana-7-colores\/"]}]},{"@type":"ImageObject","inLanguage":"en-US","@id":"https:\/\/ollantaandinotours.com\/producto\/cuatrimoto-en-la-montana-7-colores\/#primaryimage","url":"https:\/\/ollantaandinotours.com\/wp-content\/uploads\/2023\/03\/cuatrimoto-en-la-montana-7-colores_01.webp","contentUrl":"https:\/\/ollantaandinotours.com\/wp-content\/uploads\/2023\/03\/cuatrimoto-en-la-montana-7-colores_01.webp","width":563,"height":676,"caption":"Cuatrimoto en la monta\u00f1a 7 colores"},{"@type":"BreadcrumbList","@id":"https:\/\/ollantaandinotours.com\/producto\/cuatrimoto-en-la-montana-7-colores\/#breadcrumb","itemListElement":[{"@type":"ListItem","position":1,"name":"Portada","item":"https:\/\/ollantaandinotours.com\/es\/"},{"@type":"ListItem","position":2,"name":"Todos los tours","item":"https:\/\/ollantaandinotours.com\/todos-los-tours\/"},{"@type":"ListItem","position":3,"name":"Cuatrimoto en la monta\u00f1a 7 colores"}]},{"@type":"WebSite","@id":"https:\/\/ollantaandinotours.com\/#website","url":"https:\/\/ollantaandinotours.com\/","name":"Ollanta Andino Tours","description":"Agencia de viajes en ollantaytambo","publisher":{"@id":"https:\/\/ollantaandinotours.com\/#organization"},"potentialAction":[{"@type":"SearchAction","target":{"@type":"EntryPoint","urlTemplate":"https:\/\/ollantaandinotours.com\/?s={search_term_string}"},"query-input":{"@type":"PropertyValueSpecification","valueRequired":true,"valueName":"search_term_string"}}],"inLanguage":"en-US"},{"@type":"Organization","@id":"https:\/\/ollantaandinotours.com\/#organization","name":"Ollanta Andino Tours","url":"https:\/\/ollantaandinotours.com\/","logo":{"@type":"ImageObject","inLanguage":"en-US","@id":"https:\/\/ollantaandinotours.com\/#\/schema\/logo\/image\/","url":"https:\/\/ollantaandinotours.com\/wp-content\/uploads\/2022\/06\/logo-ollanta-andino-4.png","contentUrl":"https:\/\/ollantaandinotours.com\/wp-content\/uploads\/2022\/06\/logo-ollanta-andino-4.png","width":2427,"height":2075,"caption":"Ollanta Andino Tours"},"image":{"@id":"https:\/\/ollantaandinotours.com\/#\/schema\/logo\/image\/"}}]}},"_links":{"self":[{"href":"https:\/\/ollantaandinotours.com\/en\/wp-json\/wp\/v2\/product\/716","targetHints":{"allow":["GET"]}}],"collection":[{"href":"https:\/\/ollantaandinotours.com\/en\/wp-json\/wp\/v2\/product"}],"about":[{"href":"https:\/\/ollantaandinotours.com\/en\/wp-json\/wp\/v2\/types\/product"}],"wp:featuredmedia":[{"embeddable":true,"href":"https:\/\/ollantaandinotours.com\/en\/wp-json\/wp\/v2\/media\/1471"}],"wp:attachment":[{"href":"https:\/\/ollantaandinotours.com\/en\/wp-json\/wp\/v2\/media?parent=716"}],"wp:term":[{"taxonomy":"product_brand","embeddable":true,"href":"https:\/\/ollantaandinotours.com\/en\/wp-json\/wp\/v2\/product_brand?post=716"},{"taxonomy":"product_cat","embeddable":true,"href":"https:\/\/ollantaandinotours.com\/en\/wp-json\/wp\/v2\/product_cat?post=716"},{"taxonomy":"product_tag","embeddable":true,"href":"https:\/\/ollantaandinotours.com\/en\/wp-json\/wp\/v2\/product_tag?post=716"}],"curies":[{"name":"wp","href":"https:\/\/api.w.org\/{rel}","templated":true}]}}