{"id":715,"date":"2023-03-25T12:51:56","date_gmt":"2023-03-25T17:51:56","guid":{"rendered":"https:\/\/ollantaandinotours.com\/?post_type=product&#038;p=715"},"modified":"2025-03-17T00:45:00","modified_gmt":"2025-03-17T05:45:00","slug":"atv-maras-moray","status":"publish","type":"product","link":"https:\/\/ollantaandinotours.com\/en\/product\/atv-maras-moray\/","title":{"rendered":"ATV Maras &#038; Moray"},"content":{"rendered":"<div>La experiencia de recorrer Maras y Moray en ATV es una de las aventuras m\u00e1s emocionantes y llenas de adrenalina en el Valle Sagrado. Aqu\u00ed te cuento lo que puedes esperar:<\/div>\n<div><\/div>\n<div>1. Aventura y Adrenalina<\/div>\n<div>\u2022Conducir un ATV por caminos rurales, senderos polvorientos y paisajes espectaculares te hace sentir la libertad y la emoci\u00f3n de explorar a toda velocidad.<\/div>\n<div>\u2022Los terrenos var\u00edan entre caminos de tierra, pendientes suaves y algunas rutas pedregosas, lo que a\u00f1ade un toque de desaf\u00edo a la aventura.<\/div>\n<div><\/div>\n<div>2. Paisajes de Ensue\u00f1o<\/div>\n<div>\u2022Durante el recorrido, disfrutar\u00e1s de impresionantes vistas de los picos nevados de los Andes, campos de cultivo, terrazas agr\u00edcolas y comunidades rurales.<\/div>\n<div>\u2022Las paradas estrat\u00e9gicas permiten tomar fotograf\u00edas panor\u00e1micas inolvidables.<\/div>","protected":false},"excerpt":{"rendered":"<p>La experiencia de recorrer Maras y Moray en ATV es una de las aventuras m\u00e1s emocionantes y llenas de adrenalina en el Valle Sagrado. Aqu\u00ed te cuento lo que puedes esperar: 1. Aventura y Adrenalina \u2022Conducir un ATV por caminos rurales, senderos polvorientos y paisajes espectaculares te hace sentir la libertad y la emoci\u00f3n de [&hellip;]<\/p>","protected":false},"featured_media":1921,"template":"","meta":{"site-sidebar-layout":"default","site-content-layout":"default","ast-site-content-layout":"default","site-content-style":"default","site-sidebar-style":"default","ast-global-header-display":"","ast-banner-title-visibility":"","ast-main-header-display":"","ast-hfb-above-header-display":"","ast-hfb-below-header-display":"","ast-hfb-mobile-header-display":"","site-post-title":"","ast-breadcrumbs-content":"","ast-featured-img":"","footer-sml-layout":"","theme-transparent-header-meta":"default","adv-header-id-meta":"","stick-header-meta":"","header-above-stick-meta":"","header-main-stick-meta":"","header-below-stick-meta":"","astra-migrate-meta-layouts":"set","ast-page-background-enabled":"default","ast-page-background-meta":{"desktop":{"background-color":"var(--ast-global-color-4)","background-image":"","background-repeat":"repeat","background-position":"center center","background-size":"auto","background-attachment":"scroll","background-type":"","background-media":"","overlay-type":"","overlay-color":"","overlay-gradient":""},"tablet":{"background-color":"","background-image":"","background-repeat":"repeat","background-position":"center center","background-size":"auto","background-attachment":"scroll","background-type":"","background-media":"","overlay-type":"","overlay-color":"","overlay-gradient":""},"mobile":{"background-color":"","background-image":"","background-repeat":"repeat","background-position":"center center","background-size":"auto","background-attachment":"scroll","background-type":"","background-media":"","overlay-type":"","overlay-color":"","overlay-gradient":""}},"ast-content-background-meta":{"desktop":{"background-color":"var(--ast-global-color-5)","background-image":"","background-repeat":"repeat","background-position":"center center","background-size":"auto","background-attachment":"scroll","background-type":"","background-media":"","overlay-type":"","overlay-color":"","overlay-gradient":""},"tablet":{"background-color":"var(--ast-global-color-5)","background-image":"","background-repeat":"repeat","background-position":"center center","background-size":"auto","background-attachment":"scroll","background-type":"","background-media":"","overlay-type":"","overlay-color":"","overlay-gradient":""},"mobile":{"background-color":"var(--ast-global-color-5)","background-image":"","background-repeat":"repeat","background-position":"center center","background-size":"auto","background-attachment":"scroll","background-type":"","background-media":"","overlay-type":"","overlay-color":"","overlay-gradient":""}}},"product_brand":[],"product_cat":[21,29],"product_tag":[],"class_list":{"0":"post-715","1":"product","2":"type-product","3":"status-publish","4":"has-post-thumbnail","6":"product_cat-cusco","7":"product_cat-aventura","8":"desktop-align-left","9":"tablet-align-left","10":"mobile-align-left","12":"first","13":"instock","14":"shipping-taxable","15":"purchasable","16":"product-type-simple"},"yoast_head":"<!-- This site is optimized with the Yoast SEO plugin v24.5 - https:\/\/yoast.com\/wordpress\/plugins\/seo\/ -->\n<title>ATV Maras &amp; Moray - Ollanta Andino Tours<\/title>\n<meta name=\"robots\" content=\"index, follow, max-snippet:-1, max-image-preview:large, max-video-preview:-1\" \/>\n<link rel=\"canonical\" href=\"https:\/\/ollantaandinotours.com\/en\/product\/atv-maras-moray\/\" \/>\n<meta property=\"og:locale\" content=\"en_US\" \/>\n<meta property=\"og:type\" content=\"article\" \/>\n<meta property=\"og:title\" content=\"ATV Maras &amp; Moray - Ollanta Andino Tours\" \/>\n<meta property=\"og:description\" content=\"La experiencia de recorrer Maras y Moray en ATV es una de las aventuras m\u00e1s emocionantes y llenas de adrenalina en el Valle Sagrado. Aqu\u00ed te cuento lo que puedes esperar: 1. Aventura y Adrenalina \u2022Conducir un ATV por caminos rurales, senderos polvorientos y paisajes espectaculares te hace sentir la libertad y la emoci\u00f3n de [&hellip;]\" \/>\n<meta property=\"og:url\" content=\"https:\/\/ollantaandinotours.com\/en\/product\/atv-maras-moray\/\" \/>\n<meta property=\"og:site_name\" content=\"Ollanta Andino Tours\" \/>\n<meta property=\"article:modified_time\" content=\"2025-03-17T05:45:00+00:00\" \/>\n<meta property=\"og:image\" content=\"https:\/\/ollantaandinotours.com\/wp-content\/uploads\/2023\/03\/WhatsApp-Image-2025-03-17-at-1.30.07-AM.jpeg\" \/>\n\t<meta property=\"og:image:width\" content=\"1280\" \/>\n\t<meta property=\"og:image:height\" content=\"917\" \/>\n\t<meta property=\"og:image:type\" content=\"image\/jpeg\" \/>\n<meta name=\"twitter:card\" content=\"summary_large_image\" \/>\n<meta name=\"twitter:label1\" content=\"Est. reading time\" \/>\n\t<meta name=\"twitter:data1\" content=\"1 minute\" \/>\n<script type=\"application\/ld+json\" class=\"yoast-schema-graph\">{\"@context\":\"https:\/\/schema.org\",\"@graph\":[{\"@type\":\"WebPage\",\"@id\":\"https:\/\/ollantaandinotours.com\/producto\/atv-maras-moray\/\",\"url\":\"https:\/\/ollantaandinotours.com\/producto\/atv-maras-moray\/\",\"name\":\"ATV Maras & Moray - Ollanta Andino Tours\",\"isPartOf\":{\"@id\":\"https:\/\/ollantaandinotours.com\/#website\"},\"primaryImageOfPage\":{\"@id\":\"https:\/\/ollantaandinotours.com\/producto\/atv-maras-moray\/#primaryimage\"},\"image\":{\"@id\":\"https:\/\/ollantaandinotours.com\/producto\/atv-maras-moray\/#primaryimage\"},\"thumbnailUrl\":\"https:\/\/ollantaandinotours.com\/wp-content\/uploads\/2023\/03\/WhatsApp-Image-2025-03-17-at-1.30.07-AM.jpeg\",\"datePublished\":\"2023-03-25T17:51:56+00:00\",\"dateModified\":\"2025-03-17T05:45:00+00:00\",\"breadcrumb\":{\"@id\":\"https:\/\/ollantaandinotours.com\/producto\/atv-maras-moray\/#breadcrumb\"},\"inLanguage\":\"en-US\",\"potentialAction\":[{\"@type\":\"ReadAction\",\"target\":[\"https:\/\/ollantaandinotours.com\/producto\/atv-maras-moray\/\"]}]},{\"@type\":\"ImageObject\",\"inLanguage\":\"en-US\",\"@id\":\"https:\/\/ollantaandinotours.com\/producto\/atv-maras-moray\/#primaryimage\",\"url\":\"https:\/\/ollantaandinotours.com\/wp-content\/uploads\/2023\/03\/WhatsApp-Image-2025-03-17-at-1.30.07-AM.jpeg\",\"contentUrl\":\"https:\/\/ollantaandinotours.com\/wp-content\/uploads\/2023\/03\/WhatsApp-Image-2025-03-17-at-1.30.07-AM.jpeg\",\"width\":1280,\"height\":917},{\"@type\":\"BreadcrumbList\",\"@id\":\"https:\/\/ollantaandinotours.com\/producto\/atv-maras-moray\/#breadcrumb\",\"itemListElement\":[{\"@type\":\"ListItem\",\"position\":1,\"name\":\"Portada\",\"item\":\"https:\/\/ollantaandinotours.com\/es\/\"},{\"@type\":\"ListItem\",\"position\":2,\"name\":\"Todos los tours\",\"item\":\"https:\/\/ollantaandinotours.com\/todos-los-tours\/\"},{\"@type\":\"ListItem\",\"position\":3,\"name\":\"ATV Maras &#038; Moray\"}]},{\"@type\":\"WebSite\",\"@id\":\"https:\/\/ollantaandinotours.com\/#website\",\"url\":\"https:\/\/ollantaandinotours.com\/\",\"name\":\"Ollanta Andino Tours\",\"description\":\"Agencia de viajes en ollantaytambo\",\"publisher\":{\"@id\":\"https:\/\/ollantaandinotours.com\/#organization\"},\"potentialAction\":[{\"@type\":\"SearchAction\",\"target\":{\"@type\":\"EntryPoint\",\"urlTemplate\":\"https:\/\/ollantaandinotours.com\/?s={search_term_string}\"},\"query-input\":{\"@type\":\"PropertyValueSpecification\",\"valueRequired\":true,\"valueName\":\"search_term_string\"}}],\"inLanguage\":\"en-US\"},{\"@type\":\"Organization\",\"@id\":\"https:\/\/ollantaandinotours.com\/#organization\",\"name\":\"Ollanta Andino Tours\",\"url\":\"https:\/\/ollantaandinotours.com\/\",\"logo\":{\"@type\":\"ImageObject\",\"inLanguage\":\"en-US\",\"@id\":\"https:\/\/ollantaandinotours.com\/#\/schema\/logo\/image\/\",\"url\":\"https:\/\/ollantaandinotours.com\/wp-content\/uploads\/2022\/06\/logo-ollanta-andino-4.png\",\"contentUrl\":\"https:\/\/ollantaandinotours.com\/wp-content\/uploads\/2022\/06\/logo-ollanta-andino-4.png\",\"width\":2427,\"height\":2075,\"caption\":\"Ollanta Andino Tours\"},\"image\":{\"@id\":\"https:\/\/ollantaandinotours.com\/#\/schema\/logo\/image\/\"}}]}<\/script>\n<!-- \/ Yoast SEO plugin. -->","yoast_head_json":{"title":"ATV Maras & Moray - Ollanta Andino Tours","robots":{"index":"index","follow":"follow","max-snippet":"max-snippet:-1","max-image-preview":"max-image-preview:large","max-video-preview":"max-video-preview:-1"},"canonical":"https:\/\/ollantaandinotours.com\/en\/product\/atv-maras-moray\/","og_locale":"en_US","og_type":"article","og_title":"ATV Maras & Moray - Ollanta Andino Tours","og_description":"La experiencia de recorrer Maras y Moray en ATV es una de las aventuras m\u00e1s emocionantes y llenas de adrenalina en el Valle Sagrado. Aqu\u00ed te cuento lo que puedes esperar: 1. Aventura y Adrenalina \u2022Conducir un ATV por caminos rurales, senderos polvorientos y paisajes espectaculares te hace sentir la libertad y la emoci\u00f3n de [&hellip;]","og_url":"https:\/\/ollantaandinotours.com\/en\/product\/atv-maras-moray\/","og_site_name":"Ollanta Andino Tours","article_modified_time":"2025-03-17T05:45:00+00:00","og_image":[{"width":1280,"height":917,"url":"https:\/\/ollantaandinotours.com\/wp-content\/uploads\/2023\/03\/WhatsApp-Image-2025-03-17-at-1.30.07-AM.jpeg","type":"image\/jpeg"}],"twitter_card":"summary_large_image","twitter_misc":{"Est. reading time":"1 minute"},"schema":{"@context":"https:\/\/schema.org","@graph":[{"@type":"WebPage","@id":"https:\/\/ollantaandinotours.com\/producto\/atv-maras-moray\/","url":"https:\/\/ollantaandinotours.com\/producto\/atv-maras-moray\/","name":"ATV Maras & Moray - Ollanta Andino Tours","isPartOf":{"@id":"https:\/\/ollantaandinotours.com\/#website"},"primaryImageOfPage":{"@id":"https:\/\/ollantaandinotours.com\/producto\/atv-maras-moray\/#primaryimage"},"image":{"@id":"https:\/\/ollantaandinotours.com\/producto\/atv-maras-moray\/#primaryimage"},"thumbnailUrl":"https:\/\/ollantaandinotours.com\/wp-content\/uploads\/2023\/03\/WhatsApp-Image-2025-03-17-at-1.30.07-AM.jpeg","datePublished":"2023-03-25T17:51:56+00:00","dateModified":"2025-03-17T05:45:00+00:00","breadcrumb":{"@id":"https:\/\/ollantaandinotours.com\/producto\/atv-maras-moray\/#breadcrumb"},"inLanguage":"en-US","potentialAction":[{"@type":"ReadAction","target":["https:\/\/ollantaandinotours.com\/producto\/atv-maras-moray\/"]}]},{"@type":"ImageObject","inLanguage":"en-US","@id":"https:\/\/ollantaandinotours.com\/producto\/atv-maras-moray\/#primaryimage","url":"https:\/\/ollantaandinotours.com\/wp-content\/uploads\/2023\/03\/WhatsApp-Image-2025-03-17-at-1.30.07-AM.jpeg","contentUrl":"https:\/\/ollantaandinotours.com\/wp-content\/uploads\/2023\/03\/WhatsApp-Image-2025-03-17-at-1.30.07-AM.jpeg","width":1280,"height":917},{"@type":"BreadcrumbList","@id":"https:\/\/ollantaandinotours.com\/producto\/atv-maras-moray\/#breadcrumb","itemListElement":[{"@type":"ListItem","position":1,"name":"Portada","item":"https:\/\/ollantaandinotours.com\/es\/"},{"@type":"ListItem","position":2,"name":"Todos los tours","item":"https:\/\/ollantaandinotours.com\/todos-los-tours\/"},{"@type":"ListItem","position":3,"name":"ATV Maras &#038; Moray"}]},{"@type":"WebSite","@id":"https:\/\/ollantaandinotours.com\/#website","url":"https:\/\/ollantaandinotours.com\/","name":"Ollanta Andino Tours","description":"Agencia de viajes en ollantaytambo","publisher":{"@id":"https:\/\/ollantaandinotours.com\/#organization"},"potentialAction":[{"@type":"SearchAction","target":{"@type":"EntryPoint","urlTemplate":"https:\/\/ollantaandinotours.com\/?s={search_term_string}"},"query-input":{"@type":"PropertyValueSpecification","valueRequired":true,"valueName":"search_term_string"}}],"inLanguage":"en-US"},{"@type":"Organization","@id":"https:\/\/ollantaandinotours.com\/#organization","name":"Ollanta Andino Tours","url":"https:\/\/ollantaandinotours.com\/","logo":{"@type":"ImageObject","inLanguage":"en-US","@id":"https:\/\/ollantaandinotours.com\/#\/schema\/logo\/image\/","url":"https:\/\/ollantaandinotours.com\/wp-content\/uploads\/2022\/06\/logo-ollanta-andino-4.png","contentUrl":"https:\/\/ollantaandinotours.com\/wp-content\/uploads\/2022\/06\/logo-ollanta-andino-4.png","width":2427,"height":2075,"caption":"Ollanta Andino Tours"},"image":{"@id":"https:\/\/ollantaandinotours.com\/#\/schema\/logo\/image\/"}}]}},"_links":{"self":[{"href":"https:\/\/ollantaandinotours.com\/en\/wp-json\/wp\/v2\/product\/715","targetHints":{"allow":["GET"]}}],"collection":[{"href":"https:\/\/ollantaandinotours.com\/en\/wp-json\/wp\/v2\/product"}],"about":[{"href":"https:\/\/ollantaandinotours.com\/en\/wp-json\/wp\/v2\/types\/product"}],"wp:featuredmedia":[{"embeddable":true,"href":"https:\/\/ollantaandinotours.com\/en\/wp-json\/wp\/v2\/media\/1921"}],"wp:attachment":[{"href":"https:\/\/ollantaandinotours.com\/en\/wp-json\/wp\/v2\/media?parent=715"}],"wp:term":[{"taxonomy":"product_brand","embeddable":true,"href":"https:\/\/ollantaandinotours.com\/en\/wp-json\/wp\/v2\/product_brand?post=715"},{"taxonomy":"product_cat","embeddable":true,"href":"https:\/\/ollantaandinotours.com\/en\/wp-json\/wp\/v2\/product_cat?post=715"},{"taxonomy":"product_tag","embeddable":true,"href":"https:\/\/ollantaandinotours.com\/en\/wp-json\/wp\/v2\/product_tag?post=715"}],"curies":[{"name":"wp","href":"https:\/\/api.w.org\/{rel}","templated":true}]}}