{"id":548,"date":"2022-08-22T22:46:29","date_gmt":"2022-08-23T03:46:29","guid":{"rendered":"https:\/\/ollantaandinotours.com\/?post_type=product&#038;p=548"},"modified":"2023-09-22T21:31:32","modified_gmt":"2023-09-23T02:31:32","slug":"caminata-a-choquequirao-4-dias","status":"publish","type":"product","link":"https:\/\/ollantaandinotours.com\/en\/product\/caminata-a-choquequirao-4-dias\/","title":{"rendered":"Caminata a Choquequirao 4 D\u00edas"},"content":{"rendered":"<p>Camine a trav\u00e9s de bosques, monta\u00f1as y valles para llegar a esta incre\u00edble ciudad perdida, y disfrute de la belleza natural de Per\u00fa en el camino.<\/p>","protected":false},"excerpt":{"rendered":"<p>Camine a trav\u00e9s de bosques, monta\u00f1as y valles para llegar a esta incre\u00edble ciudad perdida, y disfrute de la belleza natural de Per\u00fa en el camino.<\/p>","protected":false},"featured_media":549,"template":"","meta":{"site-sidebar-layout":"default","site-content-layout":"default","ast-site-content-layout":"default","site-content-style":"default","site-sidebar-style":"default","ast-global-header-display":"","ast-banner-title-visibility":"","ast-main-header-display":"","ast-hfb-above-header-display":"","ast-hfb-below-header-display":"","ast-hfb-mobile-header-display":"","site-post-title":"","ast-breadcrumbs-content":"","ast-featured-img":"","footer-sml-layout":"","theme-transparent-header-meta":"default","adv-header-id-meta":"","stick-header-meta":"","header-above-stick-meta":"","header-main-stick-meta":"","header-below-stick-meta":"","astra-migrate-meta-layouts":"set","ast-page-background-enabled":"default","ast-page-background-meta":{"desktop":{"background-color":"var(--ast-global-color-4)","background-image":"","background-repeat":"repeat","background-position":"center center","background-size":"auto","background-attachment":"scroll","background-type":"","background-media":"","overlay-type":"","overlay-color":"","overlay-gradient":""},"tablet":{"background-color":"","background-image":"","background-repeat":"repeat","background-position":"center center","background-size":"auto","background-attachment":"scroll","background-type":"","background-media":"","overlay-type":"","overlay-color":"","overlay-gradient":""},"mobile":{"background-color":"","background-image":"","background-repeat":"repeat","background-position":"center center","background-size":"auto","background-attachment":"scroll","background-type":"","background-media":"","overlay-type":"","overlay-color":"","overlay-gradient":""}},"ast-content-background-meta":{"desktop":{"background-color":"var(--ast-global-color-5)","background-image":"","background-repeat":"repeat","background-position":"center center","background-size":"auto","background-attachment":"scroll","background-type":"","background-media":"","overlay-type":"","overlay-color":"","overlay-gradient":""},"tablet":{"background-color":"var(--ast-global-color-5)","background-image":"","background-repeat":"repeat","background-position":"center center","background-size":"auto","background-attachment":"scroll","background-type":"","background-media":"","overlay-type":"","overlay-color":"","overlay-gradient":""},"mobile":{"background-color":"var(--ast-global-color-5)","background-image":"","background-repeat":"repeat","background-position":"center center","background-size":"auto","background-attachment":"scroll","background-type":"","background-media":"","overlay-type":"","overlay-color":"","overlay-gradient":""}}},"product_brand":[],"product_cat":[21,28,29],"product_tag":[],"class_list":{"0":"post-548","1":"product","2":"type-product","3":"status-publish","4":"has-post-thumbnail","6":"product_cat-cusco","7":"product_cat-treeking","8":"product_cat-aventura","9":"desktop-align-left","10":"tablet-align-left","11":"mobile-align-left","13":"first","14":"instock","15":"shipping-taxable","16":"product-type-simple"},"yoast_head":"<!-- This site is optimized with the Yoast SEO plugin v24.5 - https:\/\/yoast.com\/wordpress\/plugins\/seo\/ -->\n<title>Caminata a Choquequirao 4 D\u00edas - Ollanta Andino Tours<\/title>\n<meta name=\"robots\" content=\"index, follow, max-snippet:-1, max-image-preview:large, max-video-preview:-1\" \/>\n<link rel=\"canonical\" href=\"https:\/\/ollantaandinotours.com\/en\/product\/caminata-a-choquequirao-4-dias\/\" \/>\n<meta property=\"og:locale\" content=\"en_US\" \/>\n<meta property=\"og:type\" content=\"article\" \/>\n<meta property=\"og:title\" content=\"Caminata a Choquequirao 4 D\u00edas - Ollanta Andino Tours\" \/>\n<meta property=\"og:description\" content=\"Camine a trav\u00e9s de bosques, monta\u00f1as y valles para llegar a esta incre\u00edble ciudad perdida, y disfrute de la belleza natural de Per\u00fa en el camino.\" \/>\n<meta property=\"og:url\" content=\"https:\/\/ollantaandinotours.com\/en\/product\/caminata-a-choquequirao-4-dias\/\" \/>\n<meta property=\"og:site_name\" content=\"Ollanta Andino Tours\" \/>\n<meta property=\"article:modified_time\" content=\"2023-09-23T02:31:32+00:00\" \/>\n<meta property=\"og:image\" content=\"https:\/\/ollantaandinotours.com\/wp-content\/uploads\/2022\/08\/caminata-a-choquequirao-4-dias.jpg\" \/>\n\t<meta property=\"og:image:width\" content=\"1500\" \/>\n\t<meta property=\"og:image:height\" content=\"600\" \/>\n\t<meta property=\"og:image:type\" content=\"image\/jpeg\" \/>\n<meta name=\"twitter:card\" content=\"summary_large_image\" \/>\n<meta name=\"twitter:label1\" content=\"Est. reading time\" \/>\n\t<meta name=\"twitter:data1\" content=\"1 minute\" \/>\n<script type=\"application\/ld+json\" class=\"yoast-schema-graph\">{\"@context\":\"https:\/\/schema.org\",\"@graph\":[{\"@type\":\"WebPage\",\"@id\":\"https:\/\/ollantaandinotours.com\/producto\/caminata-a-choquequirao-4-dias\/\",\"url\":\"https:\/\/ollantaandinotours.com\/producto\/caminata-a-choquequirao-4-dias\/\",\"name\":\"Caminata a Choquequirao 4 D\u00edas - Ollanta Andino Tours\",\"isPartOf\":{\"@id\":\"https:\/\/ollantaandinotours.com\/#website\"},\"primaryImageOfPage\":{\"@id\":\"https:\/\/ollantaandinotours.com\/producto\/caminata-a-choquequirao-4-dias\/#primaryimage\"},\"image\":{\"@id\":\"https:\/\/ollantaandinotours.com\/producto\/caminata-a-choquequirao-4-dias\/#primaryimage\"},\"thumbnailUrl\":\"https:\/\/ollantaandinotours.com\/wp-content\/uploads\/2022\/08\/caminata-a-choquequirao-4-dias.jpg\",\"datePublished\":\"2022-08-23T03:46:29+00:00\",\"dateModified\":\"2023-09-23T02:31:32+00:00\",\"breadcrumb\":{\"@id\":\"https:\/\/ollantaandinotours.com\/producto\/caminata-a-choquequirao-4-dias\/#breadcrumb\"},\"inLanguage\":\"en-US\",\"potentialAction\":[{\"@type\":\"ReadAction\",\"target\":[\"https:\/\/ollantaandinotours.com\/producto\/caminata-a-choquequirao-4-dias\/\"]}]},{\"@type\":\"ImageObject\",\"inLanguage\":\"en-US\",\"@id\":\"https:\/\/ollantaandinotours.com\/producto\/caminata-a-choquequirao-4-dias\/#primaryimage\",\"url\":\"https:\/\/ollantaandinotours.com\/wp-content\/uploads\/2022\/08\/caminata-a-choquequirao-4-dias.jpg\",\"contentUrl\":\"https:\/\/ollantaandinotours.com\/wp-content\/uploads\/2022\/08\/caminata-a-choquequirao-4-dias.jpg\",\"width\":1500,\"height\":600},{\"@type\":\"BreadcrumbList\",\"@id\":\"https:\/\/ollantaandinotours.com\/producto\/caminata-a-choquequirao-4-dias\/#breadcrumb\",\"itemListElement\":[{\"@type\":\"ListItem\",\"position\":1,\"name\":\"Portada\",\"item\":\"https:\/\/ollantaandinotours.com\/es\/\"},{\"@type\":\"ListItem\",\"position\":2,\"name\":\"Todos los tours\",\"item\":\"https:\/\/ollantaandinotours.com\/todos-los-tours\/\"},{\"@type\":\"ListItem\",\"position\":3,\"name\":\"Caminata a Choquequirao 4 D\u00edas\"}]},{\"@type\":\"WebSite\",\"@id\":\"https:\/\/ollantaandinotours.com\/#website\",\"url\":\"https:\/\/ollantaandinotours.com\/\",\"name\":\"Ollanta Andino Tours\",\"description\":\"Agencia de viajes en ollantaytambo\",\"publisher\":{\"@id\":\"https:\/\/ollantaandinotours.com\/#organization\"},\"potentialAction\":[{\"@type\":\"SearchAction\",\"target\":{\"@type\":\"EntryPoint\",\"urlTemplate\":\"https:\/\/ollantaandinotours.com\/?s={search_term_string}\"},\"query-input\":{\"@type\":\"PropertyValueSpecification\",\"valueRequired\":true,\"valueName\":\"search_term_string\"}}],\"inLanguage\":\"en-US\"},{\"@type\":\"Organization\",\"@id\":\"https:\/\/ollantaandinotours.com\/#organization\",\"name\":\"Ollanta Andino Tours\",\"url\":\"https:\/\/ollantaandinotours.com\/\",\"logo\":{\"@type\":\"ImageObject\",\"inLanguage\":\"en-US\",\"@id\":\"https:\/\/ollantaandinotours.com\/#\/schema\/logo\/image\/\",\"url\":\"https:\/\/ollantaandinotours.com\/wp-content\/uploads\/2022\/06\/logo-ollanta-andino-4.png\",\"contentUrl\":\"https:\/\/ollantaandinotours.com\/wp-content\/uploads\/2022\/06\/logo-ollanta-andino-4.png\",\"width\":2427,\"height\":2075,\"caption\":\"Ollanta Andino Tours\"},\"image\":{\"@id\":\"https:\/\/ollantaandinotours.com\/#\/schema\/logo\/image\/\"}}]}<\/script>\n<!-- \/ Yoast SEO plugin. -->","yoast_head_json":{"title":"Caminata a Choquequirao 4 D\u00edas - Ollanta Andino Tours","robots":{"index":"index","follow":"follow","max-snippet":"max-snippet:-1","max-image-preview":"max-image-preview:large","max-video-preview":"max-video-preview:-1"},"canonical":"https:\/\/ollantaandinotours.com\/en\/product\/caminata-a-choquequirao-4-dias\/","og_locale":"en_US","og_type":"article","og_title":"Caminata a Choquequirao 4 D\u00edas - Ollanta Andino Tours","og_description":"Camine a trav\u00e9s de bosques, monta\u00f1as y valles para llegar a esta incre\u00edble ciudad perdida, y disfrute de la belleza natural de Per\u00fa en el camino.","og_url":"https:\/\/ollantaandinotours.com\/en\/product\/caminata-a-choquequirao-4-dias\/","og_site_name":"Ollanta Andino Tours","article_modified_time":"2023-09-23T02:31:32+00:00","og_image":[{"width":1500,"height":600,"url":"https:\/\/ollantaandinotours.com\/wp-content\/uploads\/2022\/08\/caminata-a-choquequirao-4-dias.jpg","type":"image\/jpeg"}],"twitter_card":"summary_large_image","twitter_misc":{"Est. reading time":"1 minute"},"schema":{"@context":"https:\/\/schema.org","@graph":[{"@type":"WebPage","@id":"https:\/\/ollantaandinotours.com\/producto\/caminata-a-choquequirao-4-dias\/","url":"https:\/\/ollantaandinotours.com\/producto\/caminata-a-choquequirao-4-dias\/","name":"Caminata a Choquequirao 4 D\u00edas - Ollanta Andino Tours","isPartOf":{"@id":"https:\/\/ollantaandinotours.com\/#website"},"primaryImageOfPage":{"@id":"https:\/\/ollantaandinotours.com\/producto\/caminata-a-choquequirao-4-dias\/#primaryimage"},"image":{"@id":"https:\/\/ollantaandinotours.com\/producto\/caminata-a-choquequirao-4-dias\/#primaryimage"},"thumbnailUrl":"https:\/\/ollantaandinotours.com\/wp-content\/uploads\/2022\/08\/caminata-a-choquequirao-4-dias.jpg","datePublished":"2022-08-23T03:46:29+00:00","dateModified":"2023-09-23T02:31:32+00:00","breadcrumb":{"@id":"https:\/\/ollantaandinotours.com\/producto\/caminata-a-choquequirao-4-dias\/#breadcrumb"},"inLanguage":"en-US","potentialAction":[{"@type":"ReadAction","target":["https:\/\/ollantaandinotours.com\/producto\/caminata-a-choquequirao-4-dias\/"]}]},{"@type":"ImageObject","inLanguage":"en-US","@id":"https:\/\/ollantaandinotours.com\/producto\/caminata-a-choquequirao-4-dias\/#primaryimage","url":"https:\/\/ollantaandinotours.com\/wp-content\/uploads\/2022\/08\/caminata-a-choquequirao-4-dias.jpg","contentUrl":"https:\/\/ollantaandinotours.com\/wp-content\/uploads\/2022\/08\/caminata-a-choquequirao-4-dias.jpg","width":1500,"height":600},{"@type":"BreadcrumbList","@id":"https:\/\/ollantaandinotours.com\/producto\/caminata-a-choquequirao-4-dias\/#breadcrumb","itemListElement":[{"@type":"ListItem","position":1,"name":"Portada","item":"https:\/\/ollantaandinotours.com\/es\/"},{"@type":"ListItem","position":2,"name":"Todos los tours","item":"https:\/\/ollantaandinotours.com\/todos-los-tours\/"},{"@type":"ListItem","position":3,"name":"Caminata a Choquequirao 4 D\u00edas"}]},{"@type":"WebSite","@id":"https:\/\/ollantaandinotours.com\/#website","url":"https:\/\/ollantaandinotours.com\/","name":"Ollanta Andino Tours","description":"Agencia de viajes en ollantaytambo","publisher":{"@id":"https:\/\/ollantaandinotours.com\/#organization"},"potentialAction":[{"@type":"SearchAction","target":{"@type":"EntryPoint","urlTemplate":"https:\/\/ollantaandinotours.com\/?s={search_term_string}"},"query-input":{"@type":"PropertyValueSpecification","valueRequired":true,"valueName":"search_term_string"}}],"inLanguage":"en-US"},{"@type":"Organization","@id":"https:\/\/ollantaandinotours.com\/#organization","name":"Ollanta Andino Tours","url":"https:\/\/ollantaandinotours.com\/","logo":{"@type":"ImageObject","inLanguage":"en-US","@id":"https:\/\/ollantaandinotours.com\/#\/schema\/logo\/image\/","url":"https:\/\/ollantaandinotours.com\/wp-content\/uploads\/2022\/06\/logo-ollanta-andino-4.png","contentUrl":"https:\/\/ollantaandinotours.com\/wp-content\/uploads\/2022\/06\/logo-ollanta-andino-4.png","width":2427,"height":2075,"caption":"Ollanta Andino Tours"},"image":{"@id":"https:\/\/ollantaandinotours.com\/#\/schema\/logo\/image\/"}}]}},"_links":{"self":[{"href":"https:\/\/ollantaandinotours.com\/en\/wp-json\/wp\/v2\/product\/548","targetHints":{"allow":["GET"]}}],"collection":[{"href":"https:\/\/ollantaandinotours.com\/en\/wp-json\/wp\/v2\/product"}],"about":[{"href":"https:\/\/ollantaandinotours.com\/en\/wp-json\/wp\/v2\/types\/product"}],"wp:featuredmedia":[{"embeddable":true,"href":"https:\/\/ollantaandinotours.com\/en\/wp-json\/wp\/v2\/media\/549"}],"wp:attachment":[{"href":"https:\/\/ollantaandinotours.com\/en\/wp-json\/wp\/v2\/media?parent=548"}],"wp:term":[{"taxonomy":"product_brand","embeddable":true,"href":"https:\/\/ollantaandinotours.com\/en\/wp-json\/wp\/v2\/product_brand?post=548"},{"taxonomy":"product_cat","embeddable":true,"href":"https:\/\/ollantaandinotours.com\/en\/wp-json\/wp\/v2\/product_cat?post=548"},{"taxonomy":"product_tag","embeddable":true,"href":"https:\/\/ollantaandinotours.com\/en\/wp-json\/wp\/v2\/product_tag?post=548"}],"curies":[{"name":"wp","href":"https:\/\/api.w.org\/{rel}","templated":true}]}}