{"id":537,"date":"2022-08-22T20:37:21","date_gmt":"2022-08-23T01:37:21","guid":{"rendered":"https:\/\/ollantaandinotours.com\/?post_type=product&#038;p=537"},"modified":"2023-10-17T18:28:08","modified_gmt":"2023-10-17T23:28:08","slug":"caminata-salkantay-machu-picchu-5-dias","status":"publish","type":"product","link":"https:\/\/ollantaandinotours.com\/en\/product\/caminata-salkantay-machu-picchu-5-dias\/","title":{"rendered":"Caminata Salkantay Machu Picchu 5 D\u00edas"},"content":{"rendered":"<p>\u00a1Descubre la majestuosidad de los Andes peruanos en nuestra incre\u00edble Caminata Salkantay Machu Picchu de 5 d\u00edas! \u00danete a nosotros en una aventura \u00e9pica mientras recorremos senderos panor\u00e1micos, cruzamos altas monta\u00f1as y nos sumergimos en la rica cultura de la regi\u00f3n de Cusco.<\/p>","protected":false},"excerpt":{"rendered":"<p>\u00a1Descubre la majestuosidad de los Andes peruanos en nuestra incre\u00edble Caminata Salkantay Machu Picchu de 5 d\u00edas! \u00danete a nosotros en una aventura \u00e9pica mientras recorremos senderos panor\u00e1micos, cruzamos altas monta\u00f1as y nos sumergimos en la rica cultura de la regi\u00f3n de Cusco.<\/p>","protected":false},"featured_media":1406,"template":"","meta":{"site-sidebar-layout":"default","site-content-layout":"default","ast-site-content-layout":"default","site-content-style":"default","site-sidebar-style":"default","ast-global-header-display":"","ast-banner-title-visibility":"","ast-main-header-display":"","ast-hfb-above-header-display":"","ast-hfb-below-header-display":"","ast-hfb-mobile-header-display":"","site-post-title":"","ast-breadcrumbs-content":"","ast-featured-img":"","footer-sml-layout":"","theme-transparent-header-meta":"default","adv-header-id-meta":"","stick-header-meta":"","header-above-stick-meta":"","header-main-stick-meta":"","header-below-stick-meta":"","astra-migrate-meta-layouts":"set","ast-page-background-enabled":"default","ast-page-background-meta":{"desktop":{"background-color":"var(--ast-global-color-4)","background-image":"","background-repeat":"repeat","background-position":"center center","background-size":"auto","background-attachment":"scroll","background-type":"","background-media":"","overlay-type":"","overlay-color":"","overlay-gradient":""},"tablet":{"background-color":"","background-image":"","background-repeat":"repeat","background-position":"center center","background-size":"auto","background-attachment":"scroll","background-type":"","background-media":"","overlay-type":"","overlay-color":"","overlay-gradient":""},"mobile":{"background-color":"","background-image":"","background-repeat":"repeat","background-position":"center center","background-size":"auto","background-attachment":"scroll","background-type":"","background-media":"","overlay-type":"","overlay-color":"","overlay-gradient":""}},"ast-content-background-meta":{"desktop":{"background-color":"var(--ast-global-color-5)","background-image":"","background-repeat":"repeat","background-position":"center center","background-size":"auto","background-attachment":"scroll","background-type":"","background-media":"","overlay-type":"","overlay-color":"","overlay-gradient":""},"tablet":{"background-color":"var(--ast-global-color-5)","background-image":"","background-repeat":"repeat","background-position":"center center","background-size":"auto","background-attachment":"scroll","background-type":"","background-media":"","overlay-type":"","overlay-color":"","overlay-gradient":""},"mobile":{"background-color":"var(--ast-global-color-5)","background-image":"","background-repeat":"repeat","background-position":"center center","background-size":"auto","background-attachment":"scroll","background-type":"","background-media":"","overlay-type":"","overlay-color":"","overlay-gradient":""}}},"product_brand":[],"product_cat":[21,28],"product_tag":[],"class_list":{"0":"post-537","1":"product","2":"type-product","3":"status-publish","4":"has-post-thumbnail","6":"product_cat-cusco","7":"product_cat-treeking","8":"desktop-align-left","9":"tablet-align-left","10":"mobile-align-left","12":"first","13":"instock","14":"shipping-taxable","15":"product-type-simple"},"yoast_head":"<!-- This site is optimized with the Yoast SEO plugin v24.5 - https:\/\/yoast.com\/wordpress\/plugins\/seo\/ -->\n<title>Caminata Salkantay Machu Picchu 5 D\u00edas - Ollanta Andino Tours<\/title>\n<meta name=\"robots\" content=\"index, follow, max-snippet:-1, max-image-preview:large, max-video-preview:-1\" \/>\n<link rel=\"canonical\" href=\"https:\/\/ollantaandinotours.com\/en\/product\/caminata-salkantay-machu-picchu-5-dias\/\" \/>\n<meta property=\"og:locale\" content=\"en_US\" \/>\n<meta property=\"og:type\" content=\"article\" \/>\n<meta property=\"og:title\" content=\"Caminata Salkantay Machu Picchu 5 D\u00edas - Ollanta Andino Tours\" \/>\n<meta property=\"og:description\" content=\"\u00a1Descubre la majestuosidad de los Andes peruanos en nuestra incre\u00edble Caminata Salkantay Machu Picchu de 5 d\u00edas! \u00danete a nosotros en una aventura \u00e9pica mientras recorremos senderos panor\u00e1micos, cruzamos altas monta\u00f1as y nos sumergimos en la rica cultura de la regi\u00f3n de Cusco.\" \/>\n<meta property=\"og:url\" content=\"https:\/\/ollantaandinotours.com\/en\/product\/caminata-salkantay-machu-picchu-5-dias\/\" \/>\n<meta property=\"og:site_name\" content=\"Ollanta Andino Tours\" \/>\n<meta property=\"article:modified_time\" content=\"2023-10-17T23:28:08+00:00\" \/>\n<meta property=\"og:image\" content=\"https:\/\/ollantaandinotours.com\/wp-content\/uploads\/2022\/08\/caminata-salkantay-machu-picchu_02.webp\" \/>\n\t<meta property=\"og:image:width\" content=\"564\" \/>\n\t<meta property=\"og:image:height\" content=\"846\" \/>\n\t<meta property=\"og:image:type\" content=\"image\/webp\" \/>\n<meta name=\"twitter:card\" content=\"summary_large_image\" \/>\n<meta name=\"twitter:label1\" content=\"Est. reading time\" \/>\n\t<meta name=\"twitter:data1\" content=\"1 minute\" \/>\n<script type=\"application\/ld+json\" class=\"yoast-schema-graph\">{\"@context\":\"https:\/\/schema.org\",\"@graph\":[{\"@type\":\"WebPage\",\"@id\":\"https:\/\/ollantaandinotours.com\/producto\/caminata-salkantay-machu-picchu-5-dias\/\",\"url\":\"https:\/\/ollantaandinotours.com\/producto\/caminata-salkantay-machu-picchu-5-dias\/\",\"name\":\"Caminata Salkantay Machu Picchu 5 D\u00edas - Ollanta Andino Tours\",\"isPartOf\":{\"@id\":\"https:\/\/ollantaandinotours.com\/#website\"},\"primaryImageOfPage\":{\"@id\":\"https:\/\/ollantaandinotours.com\/producto\/caminata-salkantay-machu-picchu-5-dias\/#primaryimage\"},\"image\":{\"@id\":\"https:\/\/ollantaandinotours.com\/producto\/caminata-salkantay-machu-picchu-5-dias\/#primaryimage\"},\"thumbnailUrl\":\"https:\/\/ollantaandinotours.com\/wp-content\/uploads\/2022\/08\/caminata-salkantay-machu-picchu_02.webp\",\"datePublished\":\"2022-08-23T01:37:21+00:00\",\"dateModified\":\"2023-10-17T23:28:08+00:00\",\"breadcrumb\":{\"@id\":\"https:\/\/ollantaandinotours.com\/producto\/caminata-salkantay-machu-picchu-5-dias\/#breadcrumb\"},\"inLanguage\":\"en-US\",\"potentialAction\":[{\"@type\":\"ReadAction\",\"target\":[\"https:\/\/ollantaandinotours.com\/producto\/caminata-salkantay-machu-picchu-5-dias\/\"]}]},{\"@type\":\"ImageObject\",\"inLanguage\":\"en-US\",\"@id\":\"https:\/\/ollantaandinotours.com\/producto\/caminata-salkantay-machu-picchu-5-dias\/#primaryimage\",\"url\":\"https:\/\/ollantaandinotours.com\/wp-content\/uploads\/2022\/08\/caminata-salkantay-machu-picchu_02.webp\",\"contentUrl\":\"https:\/\/ollantaandinotours.com\/wp-content\/uploads\/2022\/08\/caminata-salkantay-machu-picchu_02.webp\",\"width\":564,\"height\":846,\"caption\":\"Caminata Salkantay Machu Picchu 5 D\u00edas\"},{\"@type\":\"BreadcrumbList\",\"@id\":\"https:\/\/ollantaandinotours.com\/producto\/caminata-salkantay-machu-picchu-5-dias\/#breadcrumb\",\"itemListElement\":[{\"@type\":\"ListItem\",\"position\":1,\"name\":\"Portada\",\"item\":\"https:\/\/ollantaandinotours.com\/es\/\"},{\"@type\":\"ListItem\",\"position\":2,\"name\":\"Todos los tours\",\"item\":\"https:\/\/ollantaandinotours.com\/todos-los-tours\/\"},{\"@type\":\"ListItem\",\"position\":3,\"name\":\"Caminata Salkantay Machu Picchu 5 D\u00edas\"}]},{\"@type\":\"WebSite\",\"@id\":\"https:\/\/ollantaandinotours.com\/#website\",\"url\":\"https:\/\/ollantaandinotours.com\/\",\"name\":\"Ollanta Andino Tours\",\"description\":\"Agencia de viajes en ollantaytambo\",\"publisher\":{\"@id\":\"https:\/\/ollantaandinotours.com\/#organization\"},\"potentialAction\":[{\"@type\":\"SearchAction\",\"target\":{\"@type\":\"EntryPoint\",\"urlTemplate\":\"https:\/\/ollantaandinotours.com\/?s={search_term_string}\"},\"query-input\":{\"@type\":\"PropertyValueSpecification\",\"valueRequired\":true,\"valueName\":\"search_term_string\"}}],\"inLanguage\":\"en-US\"},{\"@type\":\"Organization\",\"@id\":\"https:\/\/ollantaandinotours.com\/#organization\",\"name\":\"Ollanta Andino Tours\",\"url\":\"https:\/\/ollantaandinotours.com\/\",\"logo\":{\"@type\":\"ImageObject\",\"inLanguage\":\"en-US\",\"@id\":\"https:\/\/ollantaandinotours.com\/#\/schema\/logo\/image\/\",\"url\":\"https:\/\/ollantaandinotours.com\/wp-content\/uploads\/2022\/06\/logo-ollanta-andino-4.png\",\"contentUrl\":\"https:\/\/ollantaandinotours.com\/wp-content\/uploads\/2022\/06\/logo-ollanta-andino-4.png\",\"width\":2427,\"height\":2075,\"caption\":\"Ollanta Andino Tours\"},\"image\":{\"@id\":\"https:\/\/ollantaandinotours.com\/#\/schema\/logo\/image\/\"}}]}<\/script>\n<!-- \/ Yoast SEO plugin. -->","yoast_head_json":{"title":"Caminata Salkantay Machu Picchu 5 D\u00edas - Ollanta Andino Tours","robots":{"index":"index","follow":"follow","max-snippet":"max-snippet:-1","max-image-preview":"max-image-preview:large","max-video-preview":"max-video-preview:-1"},"canonical":"https:\/\/ollantaandinotours.com\/en\/product\/caminata-salkantay-machu-picchu-5-dias\/","og_locale":"en_US","og_type":"article","og_title":"Caminata Salkantay Machu Picchu 5 D\u00edas - Ollanta Andino Tours","og_description":"\u00a1Descubre la majestuosidad de los Andes peruanos en nuestra incre\u00edble Caminata Salkantay Machu Picchu de 5 d\u00edas! \u00danete a nosotros en una aventura \u00e9pica mientras recorremos senderos panor\u00e1micos, cruzamos altas monta\u00f1as y nos sumergimos en la rica cultura de la regi\u00f3n de Cusco.","og_url":"https:\/\/ollantaandinotours.com\/en\/product\/caminata-salkantay-machu-picchu-5-dias\/","og_site_name":"Ollanta Andino Tours","article_modified_time":"2023-10-17T23:28:08+00:00","og_image":[{"width":564,"height":846,"url":"https:\/\/ollantaandinotours.com\/wp-content\/uploads\/2022\/08\/caminata-salkantay-machu-picchu_02.webp","type":"image\/webp"}],"twitter_card":"summary_large_image","twitter_misc":{"Est. reading time":"1 minute"},"schema":{"@context":"https:\/\/schema.org","@graph":[{"@type":"WebPage","@id":"https:\/\/ollantaandinotours.com\/producto\/caminata-salkantay-machu-picchu-5-dias\/","url":"https:\/\/ollantaandinotours.com\/producto\/caminata-salkantay-machu-picchu-5-dias\/","name":"Caminata Salkantay Machu Picchu 5 D\u00edas - Ollanta Andino Tours","isPartOf":{"@id":"https:\/\/ollantaandinotours.com\/#website"},"primaryImageOfPage":{"@id":"https:\/\/ollantaandinotours.com\/producto\/caminata-salkantay-machu-picchu-5-dias\/#primaryimage"},"image":{"@id":"https:\/\/ollantaandinotours.com\/producto\/caminata-salkantay-machu-picchu-5-dias\/#primaryimage"},"thumbnailUrl":"https:\/\/ollantaandinotours.com\/wp-content\/uploads\/2022\/08\/caminata-salkantay-machu-picchu_02.webp","datePublished":"2022-08-23T01:37:21+00:00","dateModified":"2023-10-17T23:28:08+00:00","breadcrumb":{"@id":"https:\/\/ollantaandinotours.com\/producto\/caminata-salkantay-machu-picchu-5-dias\/#breadcrumb"},"inLanguage":"en-US","potentialAction":[{"@type":"ReadAction","target":["https:\/\/ollantaandinotours.com\/producto\/caminata-salkantay-machu-picchu-5-dias\/"]}]},{"@type":"ImageObject","inLanguage":"en-US","@id":"https:\/\/ollantaandinotours.com\/producto\/caminata-salkantay-machu-picchu-5-dias\/#primaryimage","url":"https:\/\/ollantaandinotours.com\/wp-content\/uploads\/2022\/08\/caminata-salkantay-machu-picchu_02.webp","contentUrl":"https:\/\/ollantaandinotours.com\/wp-content\/uploads\/2022\/08\/caminata-salkantay-machu-picchu_02.webp","width":564,"height":846,"caption":"Caminata Salkantay Machu Picchu 5 D\u00edas"},{"@type":"BreadcrumbList","@id":"https:\/\/ollantaandinotours.com\/producto\/caminata-salkantay-machu-picchu-5-dias\/#breadcrumb","itemListElement":[{"@type":"ListItem","position":1,"name":"Portada","item":"https:\/\/ollantaandinotours.com\/es\/"},{"@type":"ListItem","position":2,"name":"Todos los tours","item":"https:\/\/ollantaandinotours.com\/todos-los-tours\/"},{"@type":"ListItem","position":3,"name":"Caminata Salkantay Machu Picchu 5 D\u00edas"}]},{"@type":"WebSite","@id":"https:\/\/ollantaandinotours.com\/#website","url":"https:\/\/ollantaandinotours.com\/","name":"Ollanta Andino Tours","description":"Agencia de viajes en ollantaytambo","publisher":{"@id":"https:\/\/ollantaandinotours.com\/#organization"},"potentialAction":[{"@type":"SearchAction","target":{"@type":"EntryPoint","urlTemplate":"https:\/\/ollantaandinotours.com\/?s={search_term_string}"},"query-input":{"@type":"PropertyValueSpecification","valueRequired":true,"valueName":"search_term_string"}}],"inLanguage":"en-US"},{"@type":"Organization","@id":"https:\/\/ollantaandinotours.com\/#organization","name":"Ollanta Andino Tours","url":"https:\/\/ollantaandinotours.com\/","logo":{"@type":"ImageObject","inLanguage":"en-US","@id":"https:\/\/ollantaandinotours.com\/#\/schema\/logo\/image\/","url":"https:\/\/ollantaandinotours.com\/wp-content\/uploads\/2022\/06\/logo-ollanta-andino-4.png","contentUrl":"https:\/\/ollantaandinotours.com\/wp-content\/uploads\/2022\/06\/logo-ollanta-andino-4.png","width":2427,"height":2075,"caption":"Ollanta Andino Tours"},"image":{"@id":"https:\/\/ollantaandinotours.com\/#\/schema\/logo\/image\/"}}]}},"_links":{"self":[{"href":"https:\/\/ollantaandinotours.com\/en\/wp-json\/wp\/v2\/product\/537","targetHints":{"allow":["GET"]}}],"collection":[{"href":"https:\/\/ollantaandinotours.com\/en\/wp-json\/wp\/v2\/product"}],"about":[{"href":"https:\/\/ollantaandinotours.com\/en\/wp-json\/wp\/v2\/types\/product"}],"wp:featuredmedia":[{"embeddable":true,"href":"https:\/\/ollantaandinotours.com\/en\/wp-json\/wp\/v2\/media\/1406"}],"wp:attachment":[{"href":"https:\/\/ollantaandinotours.com\/en\/wp-json\/wp\/v2\/media?parent=537"}],"wp:term":[{"taxonomy":"product_brand","embeddable":true,"href":"https:\/\/ollantaandinotours.com\/en\/wp-json\/wp\/v2\/product_brand?post=537"},{"taxonomy":"product_cat","embeddable":true,"href":"https:\/\/ollantaandinotours.com\/en\/wp-json\/wp\/v2\/product_cat?post=537"},{"taxonomy":"product_tag","embeddable":true,"href":"https:\/\/ollantaandinotours.com\/en\/wp-json\/wp\/v2\/product_tag?post=537"}],"curies":[{"name":"wp","href":"https:\/\/api.w.org\/{rel}","templated":true}]}}