{"id":513,"date":"2022-08-22T07:16:16","date_gmt":"2022-08-22T12:16:16","guid":{"rendered":"https:\/\/ollantaandinotours.com\/?post_type=product&#038;p=513"},"modified":"2026-01-14T11:29:13","modified_gmt":"2026-01-14T16:29:13","slug":"tour-machu-picchu-wayna-en-1-dia","status":"publish","type":"product","link":"https:\/\/ollantaandinotours.com\/en\/product\/tour-machu-picchu-wayna-en-1-dia\/","title":{"rendered":"Tour Machu Picchu Wayna en un d\u00eda 1 D\u00eda"},"content":{"rendered":"<p>Vive una aventura emocionante en un d\u00eda visitando Machu Picchu y Wayna Picchu. Descubre la majestuosidad de estas maravillas en una experiencia de un d\u00eda.<\/p>","protected":false},"excerpt":{"rendered":"<p>Vive una aventura emocionante en un d\u00eda visitando Machu Picchu y Wayna Picchu. Descubre la majestuosidad de estas maravillas en una experiencia de un d\u00eda.<\/p>","protected":false},"featured_media":516,"template":"","meta":{"site-sidebar-layout":"default","site-content-layout":"default","ast-site-content-layout":"default","site-content-style":"default","site-sidebar-style":"default","ast-global-header-display":"","ast-banner-title-visibility":"","ast-main-header-display":"","ast-hfb-above-header-display":"","ast-hfb-below-header-display":"","ast-hfb-mobile-header-display":"","site-post-title":"","ast-breadcrumbs-content":"","ast-featured-img":"","footer-sml-layout":"","theme-transparent-header-meta":"default","adv-header-id-meta":"","stick-header-meta":"","header-above-stick-meta":"","header-main-stick-meta":"","header-below-stick-meta":"","astra-migrate-meta-layouts":"set","ast-page-background-enabled":"default","ast-page-background-meta":{"desktop":{"background-color":"var(--ast-global-color-4)","background-image":"","background-repeat":"repeat","background-position":"center center","background-size":"auto","background-attachment":"scroll","background-type":"","background-media":"","overlay-type":"","overlay-color":"","overlay-gradient":""},"tablet":{"background-color":"","background-image":"","background-repeat":"repeat","background-position":"center center","background-size":"auto","background-attachment":"scroll","background-type":"","background-media":"","overlay-type":"","overlay-color":"","overlay-gradient":""},"mobile":{"background-color":"","background-image":"","background-repeat":"repeat","background-position":"center center","background-size":"auto","background-attachment":"scroll","background-type":"","background-media":"","overlay-type":"","overlay-color":"","overlay-gradient":""}},"ast-content-background-meta":{"desktop":{"background-color":"var(--ast-global-color-5)","background-image":"","background-repeat":"repeat","background-position":"center center","background-size":"auto","background-attachment":"scroll","background-type":"","background-media":"","overlay-type":"","overlay-color":"","overlay-gradient":""},"tablet":{"background-color":"var(--ast-global-color-5)","background-image":"","background-repeat":"repeat","background-position":"center center","background-size":"auto","background-attachment":"scroll","background-type":"","background-media":"","overlay-type":"","overlay-color":"","overlay-gradient":""},"mobile":{"background-color":"var(--ast-global-color-5)","background-image":"","background-repeat":"repeat","background-position":"center center","background-size":"auto","background-attachment":"scroll","background-type":"","background-media":"","overlay-type":"","overlay-color":"","overlay-gradient":""}}},"product_brand":[],"product_cat":[21,27],"product_tag":[],"class_list":{"0":"post-513","1":"product","2":"type-product","3":"status-publish","4":"has-post-thumbnail","6":"product_cat-cusco","7":"product_cat-tours-machu-picchu","8":"desktop-align-left","9":"tablet-align-left","10":"mobile-align-left","12":"first","13":"instock","14":"shipping-taxable","15":"purchasable","16":"product-type-simple"},"yoast_head":"<!-- This site is optimized with the Yoast SEO plugin v24.5 - https:\/\/yoast.com\/wordpress\/plugins\/seo\/ -->\n<title>Tour Machu Picchu Wayna en un d\u00eda 1 D\u00eda - Ollanta Andino Tours<\/title>\n<meta name=\"robots\" content=\"index, follow, max-snippet:-1, max-image-preview:large, max-video-preview:-1\" \/>\n<link rel=\"canonical\" href=\"https:\/\/ollantaandinotours.com\/en\/product\/tour-machu-picchu-wayna-en-1-dia\/\" \/>\n<meta property=\"og:locale\" content=\"en_US\" \/>\n<meta property=\"og:type\" content=\"article\" \/>\n<meta property=\"og:title\" content=\"Tour Machu Picchu Wayna en un d\u00eda 1 D\u00eda - Ollanta Andino Tours\" \/>\n<meta property=\"og:description\" content=\"Vive una aventura emocionante en un d\u00eda visitando Machu Picchu y Wayna Picchu. Descubre la majestuosidad de estas maravillas en una experiencia de un d\u00eda.\" \/>\n<meta property=\"og:url\" content=\"https:\/\/ollantaandinotours.com\/en\/product\/tour-machu-picchu-wayna-en-1-dia\/\" \/>\n<meta property=\"og:site_name\" content=\"Ollanta Andino Tours\" \/>\n<meta property=\"article:modified_time\" content=\"2026-01-14T16:29:13+00:00\" \/>\n<meta property=\"og:image\" content=\"https:\/\/ollantaandinotours.com\/wp-content\/uploads\/2022\/08\/tour-machu-picchu-wayna-en-1-dia.jpg\" \/>\n\t<meta property=\"og:image:width\" content=\"1800\" \/>\n\t<meta property=\"og:image:height\" content=\"750\" \/>\n\t<meta property=\"og:image:type\" content=\"image\/jpeg\" \/>\n<meta name=\"twitter:card\" content=\"summary_large_image\" \/>\n<meta name=\"twitter:label1\" content=\"Est. reading time\" \/>\n\t<meta name=\"twitter:data1\" content=\"1 minute\" \/>\n<script type=\"application\/ld+json\" class=\"yoast-schema-graph\">{\"@context\":\"https:\/\/schema.org\",\"@graph\":[{\"@type\":\"WebPage\",\"@id\":\"https:\/\/ollantaandinotours.com\/producto\/tour-machu-picchu-wayna-en-1-dia\/\",\"url\":\"https:\/\/ollantaandinotours.com\/producto\/tour-machu-picchu-wayna-en-1-dia\/\",\"name\":\"Tour Machu Picchu Wayna en un d\u00eda 1 D\u00eda - Ollanta Andino Tours\",\"isPartOf\":{\"@id\":\"https:\/\/ollantaandinotours.com\/#website\"},\"primaryImageOfPage\":{\"@id\":\"https:\/\/ollantaandinotours.com\/producto\/tour-machu-picchu-wayna-en-1-dia\/#primaryimage\"},\"image\":{\"@id\":\"https:\/\/ollantaandinotours.com\/producto\/tour-machu-picchu-wayna-en-1-dia\/#primaryimage\"},\"thumbnailUrl\":\"https:\/\/ollantaandinotours.com\/wp-content\/uploads\/2022\/08\/tour-machu-picchu-wayna-en-1-dia.jpg\",\"datePublished\":\"2022-08-22T12:16:16+00:00\",\"dateModified\":\"2026-01-14T16:29:13+00:00\",\"breadcrumb\":{\"@id\":\"https:\/\/ollantaandinotours.com\/producto\/tour-machu-picchu-wayna-en-1-dia\/#breadcrumb\"},\"inLanguage\":\"en-US\",\"potentialAction\":[{\"@type\":\"ReadAction\",\"target\":[\"https:\/\/ollantaandinotours.com\/producto\/tour-machu-picchu-wayna-en-1-dia\/\"]}]},{\"@type\":\"ImageObject\",\"inLanguage\":\"en-US\",\"@id\":\"https:\/\/ollantaandinotours.com\/producto\/tour-machu-picchu-wayna-en-1-dia\/#primaryimage\",\"url\":\"https:\/\/ollantaandinotours.com\/wp-content\/uploads\/2022\/08\/tour-machu-picchu-wayna-en-1-dia.jpg\",\"contentUrl\":\"https:\/\/ollantaandinotours.com\/wp-content\/uploads\/2022\/08\/tour-machu-picchu-wayna-en-1-dia.jpg\",\"width\":1800,\"height\":750},{\"@type\":\"BreadcrumbList\",\"@id\":\"https:\/\/ollantaandinotours.com\/producto\/tour-machu-picchu-wayna-en-1-dia\/#breadcrumb\",\"itemListElement\":[{\"@type\":\"ListItem\",\"position\":1,\"name\":\"Portada\",\"item\":\"https:\/\/ollantaandinotours.com\/es\/\"},{\"@type\":\"ListItem\",\"position\":2,\"name\":\"Todos los tours\",\"item\":\"https:\/\/ollantaandinotours.com\/todos-los-tours\/\"},{\"@type\":\"ListItem\",\"position\":3,\"name\":\"Tour Machu Picchu Wayna en un d\u00eda 1 D\u00eda\"}]},{\"@type\":\"WebSite\",\"@id\":\"https:\/\/ollantaandinotours.com\/#website\",\"url\":\"https:\/\/ollantaandinotours.com\/\",\"name\":\"Ollanta Andino Tours\",\"description\":\"Agencia de viajes en ollantaytambo\",\"publisher\":{\"@id\":\"https:\/\/ollantaandinotours.com\/#organization\"},\"potentialAction\":[{\"@type\":\"SearchAction\",\"target\":{\"@type\":\"EntryPoint\",\"urlTemplate\":\"https:\/\/ollantaandinotours.com\/?s={search_term_string}\"},\"query-input\":{\"@type\":\"PropertyValueSpecification\",\"valueRequired\":true,\"valueName\":\"search_term_string\"}}],\"inLanguage\":\"en-US\"},{\"@type\":\"Organization\",\"@id\":\"https:\/\/ollantaandinotours.com\/#organization\",\"name\":\"Ollanta Andino Tours\",\"url\":\"https:\/\/ollantaandinotours.com\/\",\"logo\":{\"@type\":\"ImageObject\",\"inLanguage\":\"en-US\",\"@id\":\"https:\/\/ollantaandinotours.com\/#\/schema\/logo\/image\/\",\"url\":\"https:\/\/ollantaandinotours.com\/wp-content\/uploads\/2022\/06\/logo-ollanta-andino-4.png\",\"contentUrl\":\"https:\/\/ollantaandinotours.com\/wp-content\/uploads\/2022\/06\/logo-ollanta-andino-4.png\",\"width\":2427,\"height\":2075,\"caption\":\"Ollanta Andino Tours\"},\"image\":{\"@id\":\"https:\/\/ollantaandinotours.com\/#\/schema\/logo\/image\/\"}}]}<\/script>\n<!-- \/ Yoast SEO plugin. -->","yoast_head_json":{"title":"Tour Machu Picchu Wayna en un d\u00eda 1 D\u00eda - Ollanta Andino Tours","robots":{"index":"index","follow":"follow","max-snippet":"max-snippet:-1","max-image-preview":"max-image-preview:large","max-video-preview":"max-video-preview:-1"},"canonical":"https:\/\/ollantaandinotours.com\/en\/product\/tour-machu-picchu-wayna-en-1-dia\/","og_locale":"en_US","og_type":"article","og_title":"Tour Machu Picchu Wayna en un d\u00eda 1 D\u00eda - Ollanta Andino Tours","og_description":"Vive una aventura emocionante en un d\u00eda visitando Machu Picchu y Wayna Picchu. Descubre la majestuosidad de estas maravillas en una experiencia de un d\u00eda.","og_url":"https:\/\/ollantaandinotours.com\/en\/product\/tour-machu-picchu-wayna-en-1-dia\/","og_site_name":"Ollanta Andino Tours","article_modified_time":"2026-01-14T16:29:13+00:00","og_image":[{"width":1800,"height":750,"url":"https:\/\/ollantaandinotours.com\/wp-content\/uploads\/2022\/08\/tour-machu-picchu-wayna-en-1-dia.jpg","type":"image\/jpeg"}],"twitter_card":"summary_large_image","twitter_misc":{"Est. reading time":"1 minute"},"schema":{"@context":"https:\/\/schema.org","@graph":[{"@type":"WebPage","@id":"https:\/\/ollantaandinotours.com\/producto\/tour-machu-picchu-wayna-en-1-dia\/","url":"https:\/\/ollantaandinotours.com\/producto\/tour-machu-picchu-wayna-en-1-dia\/","name":"Tour Machu Picchu Wayna en un d\u00eda 1 D\u00eda - Ollanta Andino Tours","isPartOf":{"@id":"https:\/\/ollantaandinotours.com\/#website"},"primaryImageOfPage":{"@id":"https:\/\/ollantaandinotours.com\/producto\/tour-machu-picchu-wayna-en-1-dia\/#primaryimage"},"image":{"@id":"https:\/\/ollantaandinotours.com\/producto\/tour-machu-picchu-wayna-en-1-dia\/#primaryimage"},"thumbnailUrl":"https:\/\/ollantaandinotours.com\/wp-content\/uploads\/2022\/08\/tour-machu-picchu-wayna-en-1-dia.jpg","datePublished":"2022-08-22T12:16:16+00:00","dateModified":"2026-01-14T16:29:13+00:00","breadcrumb":{"@id":"https:\/\/ollantaandinotours.com\/producto\/tour-machu-picchu-wayna-en-1-dia\/#breadcrumb"},"inLanguage":"en-US","potentialAction":[{"@type":"ReadAction","target":["https:\/\/ollantaandinotours.com\/producto\/tour-machu-picchu-wayna-en-1-dia\/"]}]},{"@type":"ImageObject","inLanguage":"en-US","@id":"https:\/\/ollantaandinotours.com\/producto\/tour-machu-picchu-wayna-en-1-dia\/#primaryimage","url":"https:\/\/ollantaandinotours.com\/wp-content\/uploads\/2022\/08\/tour-machu-picchu-wayna-en-1-dia.jpg","contentUrl":"https:\/\/ollantaandinotours.com\/wp-content\/uploads\/2022\/08\/tour-machu-picchu-wayna-en-1-dia.jpg","width":1800,"height":750},{"@type":"BreadcrumbList","@id":"https:\/\/ollantaandinotours.com\/producto\/tour-machu-picchu-wayna-en-1-dia\/#breadcrumb","itemListElement":[{"@type":"ListItem","position":1,"name":"Portada","item":"https:\/\/ollantaandinotours.com\/es\/"},{"@type":"ListItem","position":2,"name":"Todos los tours","item":"https:\/\/ollantaandinotours.com\/todos-los-tours\/"},{"@type":"ListItem","position":3,"name":"Tour Machu Picchu Wayna en un d\u00eda 1 D\u00eda"}]},{"@type":"WebSite","@id":"https:\/\/ollantaandinotours.com\/#website","url":"https:\/\/ollantaandinotours.com\/","name":"Ollanta Andino Tours","description":"Agencia de viajes en ollantaytambo","publisher":{"@id":"https:\/\/ollantaandinotours.com\/#organization"},"potentialAction":[{"@type":"SearchAction","target":{"@type":"EntryPoint","urlTemplate":"https:\/\/ollantaandinotours.com\/?s={search_term_string}"},"query-input":{"@type":"PropertyValueSpecification","valueRequired":true,"valueName":"search_term_string"}}],"inLanguage":"en-US"},{"@type":"Organization","@id":"https:\/\/ollantaandinotours.com\/#organization","name":"Ollanta Andino Tours","url":"https:\/\/ollantaandinotours.com\/","logo":{"@type":"ImageObject","inLanguage":"en-US","@id":"https:\/\/ollantaandinotours.com\/#\/schema\/logo\/image\/","url":"https:\/\/ollantaandinotours.com\/wp-content\/uploads\/2022\/06\/logo-ollanta-andino-4.png","contentUrl":"https:\/\/ollantaandinotours.com\/wp-content\/uploads\/2022\/06\/logo-ollanta-andino-4.png","width":2427,"height":2075,"caption":"Ollanta Andino Tours"},"image":{"@id":"https:\/\/ollantaandinotours.com\/#\/schema\/logo\/image\/"}}]}},"_links":{"self":[{"href":"https:\/\/ollantaandinotours.com\/en\/wp-json\/wp\/v2\/product\/513","targetHints":{"allow":["GET"]}}],"collection":[{"href":"https:\/\/ollantaandinotours.com\/en\/wp-json\/wp\/v2\/product"}],"about":[{"href":"https:\/\/ollantaandinotours.com\/en\/wp-json\/wp\/v2\/types\/product"}],"wp:featuredmedia":[{"embeddable":true,"href":"https:\/\/ollantaandinotours.com\/en\/wp-json\/wp\/v2\/media\/516"}],"wp:attachment":[{"href":"https:\/\/ollantaandinotours.com\/en\/wp-json\/wp\/v2\/media?parent=513"}],"wp:term":[{"taxonomy":"product_brand","embeddable":true,"href":"https:\/\/ollantaandinotours.com\/en\/wp-json\/wp\/v2\/product_brand?post=513"},{"taxonomy":"product_cat","embeddable":true,"href":"https:\/\/ollantaandinotours.com\/en\/wp-json\/wp\/v2\/product_cat?post=513"},{"taxonomy":"product_tag","embeddable":true,"href":"https:\/\/ollantaandinotours.com\/en\/wp-json\/wp\/v2\/product_tag?post=513"}],"curies":[{"name":"wp","href":"https:\/\/api.w.org\/{rel}","templated":true}]}}